{"id":16,"date":"2014-04-04T18:47:48","date_gmt":"2014-04-04T16:47:48","guid":{"rendered":"http:\/\/ig-geocaching-koeln.de\/wordpress\/?page_id=16"},"modified":"2025-05-25T20:39:07","modified_gmt":"2025-05-25T18:39:07","slug":"die-ig-geocaching","status":"publish","type":"page","link":"https:\/\/geocaching-rheinland.de\/?page_id=16","title":{"rendered":"Verein"},"content":{"rendered":"<p>Warum ein Geocaching-Verein?<\/p>\n<h4>Ansprechpartner<\/h4>\n<p>Wir haben in der Vergangenheit feststellen m\u00fcssen, dass Beh\u00f6rden und Organisationen h\u00e4ufig nicht wissen, mit wem sie \u00fcber Geocaching und damit verbundene vermeintliche bzw. tats\u00e4chliche Probleme sprechen k\u00f6nnen. H\u00e4ufig herrscht Unwissen \u00fcber unser Hobby. Der Verein soll dem Geocaching in unserer Region eine Stimme geben.<\/p>\n<p>Wir wollen mit Verwaltungen und Umweltsch\u00fctzern in Kontakt treten und ihnen unser Hobby erkl\u00e4ren. In den Spielregeln ist bereits verankert, dass die Natur &#8211; unser Spielfeld &#8211; nicht gesch\u00e4digt werden darf. Im besten Fall lassen sich so Geocachingverbote (wie eine zeitlang in <a title=\"Landschaftsplan K\u00f6ln\" href=\"https:\/\/geocaching-rheinland.de\/?page_id=29\">K\u00f6ln angedacht<\/a>) bereits im Vorfeld verhindern.<\/p>\n<h4>Anlaufstelle<\/h4>\n<p>Unser Verein ist nicht der Betreiber des Spiels. Wir sind ein Zusammenschluss von Spielern aus der Region und k\u00f6nnen versuchen zu vermitteln. <a href=\"https:\/\/geocaching-rheinland.de\/?page_id=8\">Wenn ein Geocache einmal ung\u00fcnstig versteckt sein sollte<\/a>, k\u00f6nnen wir mit Ihrer Hilfe den Besitzer (Owner) ermitteln und einen Kontakt herstellen. Im Regelfall lassen sich mit einem Gespr\u00e4ch die meisten Probleme gut und vern\u00fcnftig l\u00f6sen. <a href=\"https:\/\/geocaching-rheinland.de\/?page_id=14\">In besonders dringenden F\u00e4llen<\/a> k\u00f6nnen Sie \u00fcber unsere Telefonnummer aber auch einen regionalen Ansprechpartner der gr\u00f6\u00dften Geocaching-Plattform geocaching.com erreichen. Er hat die M\u00f6glichkeit, einen Geocache kurzfristig aus dem Spiel zu nehmen. Selbstverst\u00e4ndlich k\u00f6nnen Sie sich aber auch direkt an den <a href=\"https:\/\/www.geocaching.com\/parksandpolice\/\">Betreiber Groundspeak in Seattle\/USA<\/a> wenden.<\/p>\n<h4>Umweltbildung<\/h4>\n<p>Ferner wollen wir Wissen \u00fcber die Natur und das Verhalten in der Natur in die Community tragen und uns aktiv am Umweltschutz beteiligen &#8211; gerne in Zusammenarbeit mit Einrichtungen des Naturschutzes.<\/p>\n<p>Wir freuen uns, wenn Sie mit uns in Kontakt treten und Ihr Wissen an die Geocacher weitergeben z.\u00a0B. in Form von F\u00fchrungen, Vortr\u00e4gen oder konkreten Projekten.<br \/>\nGeocacher geben unserer Umwelt gerne etwas zur\u00fcck, daf\u00fcr gibt es eine eigene Veranstaltungsform: CITO-Events (Cache in \u2013 Trash out). Was urspr\u00fcnglich als reine M\u00fcllsammelaktion begann, kann inzwischen auch Biotoppflege, Baumpflanzung, Kr\u00f6tenrettung u.v.m. sein.<\/p>\n<h4>Und sonst<\/h4>\n<p>Und schlie\u00dflich sollen Freude an unserem Hobby, Geselligkeit und sportlicher Wettbewerb auch nicht zu kurz kommen.<\/p>\n<p>In der Satzung liest sich das Ganze dann so:<\/p>\n<blockquote><p>Zweck des Vereins ist die F\u00f6rderung der Geocaching-Aktivita\u0308ten, der Erfahrungsaustausch<br \/>\nund die Pflege der Geselligkeit unter Geocachern.<br \/>\nDer Verein informiert \u00fcber die verschiedenen Aspekte von Geocaching als Sport, Natursport, Spiel und Freizeitbesch\u00e4ftigung und stellt sich als eine Anlaufstelle bei Fragen zur Verf\u00fcgung.<br \/>\nDer Verein unterst\u00fctzt die umweltschonende Aus\u00fcbung von Natursportarten und f\u00fchrt Aktivit\u00e4ten im Bereich Umweltbildung, Bildung f\u00fcr nachhaltige Entwicklung (BNE) und Erlebnisp\u00e4dagogik durch, um f\u00fcr ein ausgewogenes Miteinander von Mensch und Umwelt zu sensibilisieren.<br \/>\nEr f\u00f6rdert durch das Geocaching die Besch\u00e4ftigung mit Natur- und Umweltschutz, Kultur, Geologie,<br \/>\nGeschichts- und Heimatkunde, Jugend- und Gesellschaftspolitik sowie V\u00f6lkerverst\u00e4ndigung.<br \/>\nDer Verein f\u00fchrt Ma\u00dfnahmen im Umwelt- und Naturschutz und sportliche Wettbewerbe durch. Der Verein verfolgt weiter das Ziel, durch das Geocaching besonders Kindern und Jugendlichen Natur- und Umweltschutz zu erkl\u00e4ren.<\/p><\/blockquote>\n<p>Vollst\u00e4ndige <a href=\"https:\/\/geocaching-rheinland.de\/wp-content\/uploads\/2014\/05\/Satzung-des-GC-Rheinland-06-05-2014.pdf\">Satzung<\/a>\u00a0zum Download<\/p>\n<p>Mehr zur <a title=\"Mitgliedschaft\" href=\"https:\/\/geocaching-rheinland.de\/?page_id=68\">Mitgliedschaft<\/a><\/p>\n","protected":false},"excerpt":{"rendered":"<p>Warum ein Geocaching-Verein? Ansprechpartner Wir haben in der Vergangenheit feststellen m\u00fcssen, dass Beh\u00f6rden und Organisationen h\u00e4ufig nicht wissen, mit wem sie \u00fcber Geocaching und damit verbundene vermeintliche bzw. tats\u00e4chliche Probleme sprechen k\u00f6nnen. H\u00e4ufig herrscht Unwissen \u00fcber unser Hobby. Der Verein soll dem Geocaching in unserer Region eine Stimme geben. Wir wollen mit Verwaltungen und Umweltsch\u00fctzern [&hellip;]<\/p>\n","protected":false},"author":2,"featured_media":0,"parent":0,"menu_order":2,"comment_status":"open","ping_status":"open","template":"","meta":{"footnotes":"","_links_to":"","_links_to_target":""},"class_list":["post-16","page","type-page","status-publish","hentry"],"_links":{"self":[{"href":"https:\/\/geocaching-rheinland.de\/index.php?rest_route=\/wp\/v2\/pages\/16","targetHints":{"allow":["GET"]}}],"collection":[{"href":"https:\/\/geocaching-rheinland.de\/index.php?rest_route=\/wp\/v2\/pages"}],"about":[{"href":"https:\/\/geocaching-rheinland.de\/index.php?rest_route=\/wp\/v2\/types\/page"}],"author":[{"embeddable":true,"href":"https:\/\/geocaching-rheinland.de\/index.php?rest_route=\/wp\/v2\/users\/2"}],"replies":[{"embeddable":true,"href":"https:\/\/geocaching-rheinland.de\/index.php?rest_route=%2Fwp%2Fv2%2Fcomments&post=16"}],"version-history":[{"count":15,"href":"https:\/\/geocaching-rheinland.de\/index.php?rest_route=\/wp\/v2\/pages\/16\/revisions"}],"predecessor-version":[{"id":1307,"href":"https:\/\/geocaching-rheinland.de\/index.php?rest_route=\/wp\/v2\/pages\/16\/revisions\/1307"}],"wp:attachment":[{"href":"https:\/\/geocaching-rheinland.de\/index.php?rest_route=%2Fwp%2Fv2%2Fmedia&parent=16"}],"curies":[{"name":"wp","href":"https:\/\/api.w.org\/{rel}","templated":true}]}}